{"id":806,"date":"2017-02-09T11:59:58","date_gmt":"2017-02-09T11:59:58","guid":{"rendered":"http:\/\/dummy.xtemos.com\/basel\/vers\/?page_id=806"},"modified":"2021-02-12T11:40:44","modified_gmt":"2021-02-12T08:40:44","slug":"iletisim","status":"publish","type":"page","link":"https:\/\/nliven.com.tr\/?page_id=806","title":{"rendered":"\u0130leti\u015fim"},"content":{"rendered":"<p>[vc_row][vc_column][vc_column_text]<\/p>\n<h3 style=\"font-family: 'Playfair Display'; font-weight: 400; font-style: normal; text-transform: none; letter-spacing: 0px; font-size: 35px; text-align: center;\">\u0130leti\u015fim<\/h3>\n<p>[\/vc_column_text][vc_empty_space height=&#8221;132px&#8221;][vc_row_inner][vc_column_inner width=&#8221;1\/3&#8243;][vc_column_text]<strong>Adres:<\/strong> Organize Sanayi B\u00f6lgesi 1.Cadde No:8<br \/>\n\u0130neg\u00f6l\/Bursa\/T\u00fcrkiye<br \/>\n<strong>Telefon:<\/strong> +90 224 714 90 92<br \/>\n<strong>Fax :<\/strong> +90 224 714 90 94<br \/>\n<strong>Email<\/strong>: info@nliven.com.tr[\/vc_column_text][\/vc_column_inner][vc_column_inner width=&#8221;2\/3&#8243;][vc_gmaps link=&#8221;#E-8_JTNDaWZyYW1lJTIwc3R5bGUlM0QlMjItd2Via2l0LWZpbHRlciUzQSUyMGdyYXlzY2FsZSUyODEwMCUyNSUyOSUzQiUwQWZpbHRlciUzQSUyMGdyYXlzY2FsZSUyODEwMCUyNSUyOSUzQiUyMiUyMHNyYyUzRCUyMmh0dHBzJTNBJTJGJTJGd3d3Lmdvb2dsZS5jb20lMkZtYXBzJTJGZW1iZWQlM0ZwYiUzRCUyMTFtMTglMjExbTEyJTIxMW0zJTIxMWQxMDc5LjEwOTE3Mjk5NDQ5NDklMjEyZDI5LjQ5MzE4MDI2MzI5ODQ4OCUyMTNkNDAuMDkzNjYyNjM3MDU1NTQlMjEybTMlMjExZjAlMjEyZjAlMjEzZjAlMjEzbTIlMjExaTEwMjQlMjEyaTc2OCUyMTRmMTMuMSUyMTNtMyUyMTFtMiUyMTFzMHgxNGNiY2JjNjgyOTRlY2YzJTI1M0EweDM3NGY5NWJhYjIwZTllZWMlMjEyek1TNGdRMlF1SUU1dk9qZ3NJREUyTkRBd0lGUER2R3hsZVcxaGJtbDVaU0JQYzJJdnhMQnVaV2ZEdG13dlFuVnljMkUlMjE1ZTAlMjEzbTIlMjExc3RyJTIxMnN0ciUyMTR2MTQ5NDE2NTcwMzI5MyUyMiUyMHdpZHRoJTNEJTIyYXV0byUyMiUyMGhlaWdodCUzRCUyMmF1dG8lMjIlMjBmcmFtZWJvcmRlciUzRCUyMjAlMjIlMjBzdHlsZSUzRCUyMmJvcmRlciUzQTAlMjIlMjBhbGxvd2Z1bGxzY3JlZW4lM0QlMjIlMjIlM0UlM0MlMkZpZnJhbWUlM0U=&#8221;][\/vc_column_inner][\/vc_row_inner][\/vc_column][\/vc_row]<\/p>\n","protected":false},"excerpt":{"rendered":"<p>[vc_row][vc_column][vc_column_text] \u0130leti\u015fim [\/vc_column_text][vc_empty_space height=&#8221;132px&#8221;][vc_row_inner][vc_column_inner width=&#8221;1\/3&#8243;][vc_column_text]Adres: Organize Sanayi B\u00f6lgesi 1.Cadde No:8 \u0130neg\u00f6l\/Bursa\/T\u00fcrkiye Telefon: +90 224 714 90 92 Fax : +90<\/p>\n","protected":false},"author":1,"featured_media":0,"parent":0,"menu_order":0,"comment_status":"closed","ping_status":"closed","template":"","meta":{"footnotes":""},"_links":{"self":[{"href":"https:\/\/nliven.com.tr\/index.php?rest_route=\/wp\/v2\/pages\/806"}],"collection":[{"href":"https:\/\/nliven.com.tr\/index.php?rest_route=\/wp\/v2\/pages"}],"about":[{"href":"https:\/\/nliven.com.tr\/index.php?rest_route=\/wp\/v2\/types\/page"}],"author":[{"embeddable":true,"href":"https:\/\/nliven.com.tr\/index.php?rest_route=\/wp\/v2\/users\/1"}],"replies":[{"embeddable":true,"href":"https:\/\/nliven.com.tr\/index.php?rest_route=%2Fwp%2Fv2%2Fcomments&post=806"}],"version-history":[{"count":8,"href":"https:\/\/nliven.com.tr\/index.php?rest_route=\/wp\/v2\/pages\/806\/revisions"}],"predecessor-version":[{"id":1625,"href":"https:\/\/nliven.com.tr\/index.php?rest_route=\/wp\/v2\/pages\/806\/revisions\/1625"}],"wp:attachment":[{"href":"https:\/\/nliven.com.tr\/index.php?rest_route=%2Fwp%2Fv2%2Fmedia&parent=806"}],"curies":[{"name":"wp","href":"https:\/\/api.w.org\/{rel}","templated":true}]}}